{"id":38904,"date":"2026-04-08T16:01:25","date_gmt":"2026-04-08T14:01:25","guid":{"rendered":"https:\/\/sevillaintercambio.com\/?post_type=product&#038;p=38904"},"modified":"2026-04-20T10:27:21","modified_gmt":"2026-04-20T08:27:21","slug":"taller-sevillanas-pescaito-preferia-2026","status":"publish","type":"product","link":"https:\/\/sevillaintercambio.com\/en\/producto\/taller-sevillanas-pescaito-preferia-2026\/","title":{"rendered":"Taller de Sevillanas con Pesca\u00edto \ud83c\udfb6\ud83d\udc83 | Prepara tu Feria 2026 \ud83e\udd73\ud83c\udf64"},"content":{"rendered":"<h2><strong data-start=\"223\" data-end=\"260\">Taller de Sevillanas con Pesca\u00edto<\/strong><\/h2>\n<h3><strong data-start=\"160\" data-end=\"221\">\u00a1Prepara tu cuerpo para la Feria con Sevilla Intercambio!<\/strong><\/h3>\n<p>Con este <strong>doble Taller de Sevillanas con Pesca\u00edto<\/strong> estar\u00e1s suficientemente preparado para defenderte para la <strong>Feria de Sevilla<\/strong>. Adem\u00e1s, tomar\u00e1s un buen men\u00fa de Pesca\u00edto con su rebujito, su bebida y un abanico de Sevilla Intercambio para disfrutar de una noche genial.<\/p>\n<p>&nbsp;<\/p>\n<h3>\ud83c\udf89 <strong data-start=\"266\" data-end=\"317\">\u00a1Nos vamos calentando para la Feria de Sevilla!<\/strong> \ud83c\udf89<\/h3>\n<p>&nbsp;<\/p>\n<p>&nbsp;<\/p>\n<p class=\"\" data-start=\"322\" data-end=\"598\"><strong>Sevilla Intercambio<\/strong> te propone un evento \u00fanico en el que podr\u00e1s aprender a bailar las Sevillanas mientras disfrutas de buena comida, bebida y, por supuesto, muy buen rollo. No importa si eres principiante o ya tienes algo de experiencia, \u00a1todos los niveles son bienvenidos!<\/p>\n<p>&nbsp;<\/p>\n<p class=\"\" data-start=\"605\" data-end=\"884\">\ud83d\udd7a <strong data-start=\"608\" data-end=\"639\">\u00bfEn qu\u00e9 consiste el evento?<\/strong> \ud83d\udc83<br data-start=\"642\" data-end=\"645\" \/>Comenzaremos con <strong data-start=\"662\" data-end=\"698\">una hora y treinta minutos de Taller de Sevillanas<\/strong> para que te prepares para la Feria. No te preocupes si no sabes nada, nosotros te ense\u00f1amos paso a paso. \u00a1Y si ya eres un experto, ven a disfrutar y a conocer a otros amantes del baile!<\/p>\n<p data-start=\"605\" data-end=\"884\">El S\u00e1bado tendremos a <strong>Paco al baile y a Juan a la guitarra<\/strong> y el Lunes tendremos a <strong>Raquel al baile y a Juan a la guitarra<\/strong> como nuestros grandes instructores de baile de Sevillanas<\/p>\n<p class=\"\" data-start=\"886\" data-end=\"1033\">Despu\u00e9s, haremos una <strong data-start=\"907\" data-end=\"932\">pausa para tomar algo<\/strong>, beber un rico <strong data-start=\"948\" data-end=\"960\">rebujito<\/strong> (incluido en el taller), charlar con los dem\u00e1s asistentes y seguir bailando. \u00a1La fiesta no para!<\/p>\n<p data-start=\"886\" data-end=\"1033\">Adem\u00e1s, tendr\u00e1s un <a href=\"https:\/\/sevillaintercambio.com\/producto\/abanicos-feria\/\"><strong>abanico para la Feria de Sevilla<\/strong><\/a> (incluido con el Taller de Sevillanas con Pesca\u00edto). Si nos dices cu\u00e1l te gusta m\u00e1s, lo tendremos preparado.<\/p>\n<p>&nbsp;<\/p>\n<p class=\"\" data-start=\"1040\" data-end=\"1132\">\ud83c\udf74 <strong data-start=\"1043\" data-end=\"1064\">\u00bfQu\u00e9 vas a comer?<\/strong><br data-start=\"1064\" data-end=\"1067\" \/>Disfruta de una deliciosa comida para compartir entre cuatro personas:<\/p>\n<ul data-start=\"1134\" data-end=\"1274\">\n<li class=\"\" data-start=\"1134\" data-end=\"1147\">\n<p class=\"\" data-start=\"1136\" data-end=\"1147\"><strong>Aceitunas<\/strong>.<\/p>\n<\/li>\n<li class=\"\" data-start=\"1148\" data-end=\"1176\">\n<p class=\"\" data-start=\"1150\" data-end=\"1176\">Plato de <strong>gambas<\/strong> de Huelva.<\/p>\n<\/li>\n<li class=\"\" data-start=\"1177\" data-end=\"1203\">\n<p class=\"\" data-start=\"1179\" data-end=\"1203\"><del>Plato de <strong>jam\u00f3n y queso<\/strong><\/del>.<\/p>\n<\/li>\n<li class=\"\" data-start=\"1204\" data-end=\"1227\">\n<p class=\"\" data-start=\"1206\" data-end=\"1227\"><strong>Tortilla de patatas<\/strong> en dados.<\/p>\n<\/li>\n<li class=\"\" data-start=\"1228\" data-end=\"1245\">\n<p class=\"\" data-start=\"1230\" data-end=\"1245\"><strong>Frito variado<\/strong> (choco frito, boquerones fritos en adobo, gambas fritas, huevas fritas y merluza frita).<\/p>\n<\/li>\n<li class=\"\" data-start=\"1246\" data-end=\"1274\">\n<p class=\"\" data-start=\"1248\" data-end=\"1274\"><strong>Mini-pastelitos<\/strong> variados.<\/p>\n<\/li>\n<\/ul>\n<p>&nbsp;<\/p>\n<p class=\"\" data-start=\"1276\" data-end=\"1413\">Tambi\u00e9n habr\u00e1 <strong data-start=\"1284\" data-end=\"1319\">una bebida por persona<\/strong> (a elegir entre refrescos, cerveza o copa de Vino de Jerez), adem\u00e1s del <strong>rebujito<\/strong> previo (una jarra para compartir entre cuatro personas). Todo acompa\u00f1ado de un ambiente fant\u00e1stico.<\/p>\n<p data-start=\"1276\" data-end=\"1413\">Nota 1: Las personas que quieran un <strong>MEN\u00da SIN GLUTEN<\/strong>, por favor, rellenad el campo &#8220;Notas del pedido&#8221; cuando est\u00e9s finalizando la compra. Tendr\u00e1s el mismo men\u00fa, con el mismo precio, sin embargo, tu comida estar\u00e1 preparada con harina de garbanzo.<\/p>\n<p data-start=\"1276\" data-end=\"1413\">Nota 2: Las personas que quieran un <strong>MEN\u00da VEGETARIANO<\/strong>, por favor, rellenad el campo &#8220;Notas del pedido&#8221; cuando est\u00e9s finalizando la compra. Tendr\u00e1s un men\u00fa diferente, con el mismo precio, sin embargo, tu comida ser\u00e1 espinacas, tortilla de patatas, papas alioli, salmorejo, queso, etc.<\/p>\n<p>&nbsp;<\/p>\n<p class=\"\" data-start=\"1420\" data-end=\"1431\"><strong data-start=\"1420\" data-end=\"1431\">Fechas:<\/strong><\/p>\n<ul data-start=\"1432\" data-end=\"1502\">\n<li class=\"\" data-start=\"1432\" data-end=\"1467\">\n<p class=\"\" data-start=\"1434\" data-end=\"1467\"><strong>S\u00e1bado 18 de Abril<\/strong> a las <strong data-start=\"1457\" data-end=\"1467\">19h00<\/strong>.<\/p>\n<ul data-start=\"1432\" data-end=\"1502\">\n<li class=\"\" data-start=\"1432\" data-end=\"1467\">\n<p class=\"\" data-start=\"1434\" data-end=\"1467\">Cuando acabemos de comer, nos quedaremos bailando y bebiendo o lo que vaya surgiendo.<\/p>\n<\/li>\n<\/ul>\n<\/li>\n<li class=\"\" data-start=\"1468\" data-end=\"1502\">\n<p class=\"\" data-start=\"1470\" data-end=\"1502\"><strong>Lunes 20 de Abril<\/strong> a las <strong data-start=\"1492\" data-end=\"1502\">19h00<\/strong>.<\/p>\n<ul data-start=\"1432\" data-end=\"1502\">\n<li class=\"\" data-start=\"1468\" data-end=\"1502\">\n<p class=\"\" data-start=\"1470\" data-end=\"1502\">Cuando acabemos de comer, iremos juntos para ver el Alumbrao de la Feria de Sevilla.<\/p>\n<\/li>\n<\/ul>\n<\/li>\n<\/ul>\n<p>&nbsp;<\/p>\n<p><strong data-start=\"1420\" data-end=\"1431\">Lugar:<\/strong><\/p>\n<ul>\n<li><strong>Patio San Eloy <del>Taberna La Aut\u00e9ntica<\/del><\/strong><del> (antigua Bodega San Fernando)<\/del>.<\/li>\n<\/ul>\n<ul>\n<li style=\"list-style-type: none;\">\n<ul>\n<li>Calle San Fernando 27 <del>Calle San Fernando 25<\/del>, Casco Antiguo, CP 41004 Sevilla (Sevilla).\u00a0<a href=\"https:\/\/maps.app.goo.gl\/QttR8J91ANUFigmf9\" target=\"_blank\" rel=\"noopener\"><strong>Ubicaci\u00f3n<\/strong><\/a>.<\/li>\n<\/ul>\n<\/li>\n<\/ul>\n<p>&nbsp;<\/p>\n<p class=\"\" data-start=\"1509\" data-end=\"1521\"><strong data-start=\"1509\" data-end=\"1521\">Precios:<\/strong><\/p>\n<ul>\n<li><strong data-start=\"1524\" data-end=\"1532\">Pack dos sesiones<\/strong> por <strong>68 \u20ac<\/strong> (venta anticipada con descuento, pago online).<\/li>\n<\/ul>\n<ul>\n<li><strong data-start=\"1524\" data-end=\"1532\">Pack una sesi\u00f3n para dos personas<\/strong> por <strong>68 \u20ac<\/strong> (venta anticipada con descuento, pago online).\u00a0Es necesario usar el cup\u00f3n de descuento <strong>feriafriends<\/strong>.\u00a0Por favor, a\u00f1ade los datos de tu acompa\u00f1ante en el campo &#8220;Notas del pedido&#8221;.<\/li>\n<\/ul>\n<ul>\n<li><strong data-start=\"1524\" data-end=\"1532\">Pack una sesi\u00f3n<\/strong>\u00a0por <strong>37 \u20ac<\/strong> (venta anticipada con descuento, pago online).<\/li>\n<\/ul>\n<ul>\n<li>Puedes incluir un <strong>seguro de cancelaci\u00f3n<\/strong> por <strong>6 \u20ac m\u00e1s<\/strong>. Podr\u00e1s cancelar antes de que empiece el evento. Si no llegas a venir, tambi\u00e9n tendr\u00e1s la devoluci\u00f3n. Los 6 \u20ac no se devolver\u00e1n.<\/li>\n<\/ul>\n<ul>\n<li>El <strong>precio en taquilla<\/strong>, el d\u00eda del evento, tiene un precio de <strong>40 \u20ac<\/strong>. No podemos asegurar que haya plazas disponibles el mismo d\u00eda del evento. El d\u00eda del evento no se podr\u00e1 reservar online.<\/li>\n<\/ul>\n<p>&nbsp;<\/p>\n<p>Notas:<\/p>\n<ul>\n<li>Cada sesi\u00f3n incluye <strong>taller de Sevillanas, una jarra de rebujito para compartir entre cuatro personas, una bebida, un men\u00fa pesca\u00edto y un abanico<\/strong>.<\/li>\n<\/ul>\n<ul>\n<li>Plazas limitadas. <strong>\u00a1No te quedes fuera!<\/strong><\/li>\n<\/ul>\n<ul>\n<li>No hay precio s\u00f3lo por taller o s\u00f3lo por comida. \ud83c\udf89<\/li>\n<\/ul>\n<p>&nbsp;<\/p>\n<p><strong data-start=\"437\" data-end=\"500\">\ud83d\udcf1 \u00danete a nuestro grupo de WhatsApp especial para la Feria<\/strong><br data-start=\"500\" data-end=\"503\" \/>\u00a1No te pierdas nada de la Feria! \u00danete a nuestro grupo de WhatsApp y mantente al tanto de todos los detalles y sorpresas. \ud83d\udc49 <strong><a class=\"\" href=\"https:\/\/chat.whatsapp.com\/L7iEWGltw3NIL9ETspppx4\" target=\"_blank\" rel=\"noopener\" data-start=\"628\" data-end=\"699\">\u00danete al Grupo de WhatsApp de la Feria de Sevilla 2026<\/a><\/strong>\u00a0\ud83c\udf89<\/p>\n<p>&nbsp;<\/p>\n<p>Haz nuevos amigos y prepara tu cuerpo para disfrutar de la <strong>Feria de Sevilla<\/strong>. Te esperamos con los brazos abiertos, \u00a1y con ganas de bailar y pasarlo genial!<\/p>\n<p>&nbsp;<\/p>\n<p>Si necesitas m\u00e1s informaci\u00f3n o tienes alguna duda, \u00a1no dudes en preguntarnos! \u00a1Nos vemos en la pista de baile! \ud83d\udc83\ud83d\udd7a<\/p>\n","protected":false},"excerpt":{"rendered":"<p><strong data-start=\"152\" data-end=\"186\">\ud83d\udc83 Aprende a bailar Sevillanas<\/strong> en un ambiente divertido y relajado. <strong data-start=\"224\" data-end=\"256\">\ud83c\udfb6 Disfruta de comida t\u00edpica<\/strong> de Sevilla, <strong data-start=\"269\" data-end=\"307\">\ud83c\udf64 rebujito y bebida refrescante<\/strong>\u00a0mientras te preparas para la <strong data-start=\"337\" data-end=\"360\">\ud83c\udf89 Feria de Sevilla<\/strong> con tu abanico. \u00a1<strong data-start=\"363\" data-end=\"400\">Todos los niveles son bienvenidos<\/strong>! \u00a1Haz nuevos\/as amigos\/as y disfruta de una experiencia \u00fanica! \ud83e\udd73<\/p>\n","protected":false},"featured_media":38968,"template":"","meta":{"_acf_changed":false},"product_brand":[],"product_cat":[543],"product_tag":[566,561,562,559,552,553,560,565,558,550,564,554,556,551,555,549,563],"class_list":{"0":"post-38904","1":"product","2":"type-product","3":"status-publish","4":"has-post-thumbnail","6":"product_cat-feria-de-sevilla","7":"product_tag-actividades-preferia","8":"product_tag-actividades-sociales-sevilla","9":"product_tag-aprender-a-bailar-sevillanas","10":"product_tag-aprender-sevillanas","11":"product_tag-baile-sevillanas","12":"product_tag-comida-y-bebida","13":"product_tag-eventos-con-comida","14":"product_tag-eventos-en-sevilla","15":"product_tag-eventos-sevilla","16":"product_tag-feria-de-sevilla","17":"product_tag-flamenco-sevilla","18":"product_tag-rebujito","19":"product_tag-sevilla-2025","20":"product_tag-sevilla-intercambio","21":"product_tag-taller-de-flamenco","22":"product_tag-taller-de-sevillanas","23":"product_tag-talleres-de-baile","25":"first","26":"instock","27":"taxable","28":"shipping-taxable","29":"purchasable","30":"product-type-variable","31":"rtwpvg-product"},"acf":[],"yoast_head":"<!-- This site is optimized with the Yoast SEO Premium plugin v24.6 (Yoast SEO v27.5) - https:\/\/yoast.com\/product\/yoast-seo-premium-wordpress\/ -->\n<title>Taller de Sevillanas con Pesca\u00edto \ud83c\udfb6\ud83d\udc83 | Feria Sevilla 2026 \ud83e\udd73\ud83c\udf64 - Sevilla Intercambio<\/title>\n<meta name=\"description\" content=\"\u00danete al Taller de Sevillanas con Pesca\u00edto. Baila, charla, disfruta de comida t\u00edpica y bebida, y haz nuevos amigos antes de la Feria de Sevilla. \u00a1Res\u00e9rvalo!\" \/>\n<meta name=\"robots\" content=\"index, follow, max-snippet:-1, max-image-preview:large, max-video-preview:-1\" \/>\n<link rel=\"canonical\" href=\"https:\/\/sevillaintercambio.com\/en\/producto\/taller-sevillanas-pescaito-preferia-2026\/\" \/>\n<meta property=\"og:locale\" content=\"en_US\" \/>\n<meta property=\"og:type\" content=\"article\" \/>\n<meta property=\"og:title\" content=\"Taller de Sevillanas con Pesca\u00edto \ud83c\udfb6\ud83d\udc83 | Prepara tu Feria 2026 \ud83e\udd73\ud83c\udf64\" \/>\n<meta property=\"og:description\" content=\"\u00danete al Taller de Sevillanas con Pesca\u00edto. Baila, charla, disfruta de comida t\u00edpica y bebida, y haz nuevos amigos antes de la Feria de Sevilla. \u00a1Res\u00e9rvalo!\" \/>\n<meta property=\"og:url\" content=\"https:\/\/sevillaintercambio.com\/en\/producto\/taller-sevillanas-pescaito-preferia-2026\/\" \/>\n<meta property=\"og:site_name\" content=\"Sevilla Intercambio\" \/>\n<meta property=\"article:publisher\" content=\"https:\/\/www.facebook.com\/sevilla.intercambio.idiomas.language.exchange\/\" \/>\n<meta property=\"article:modified_time\" content=\"2026-04-20T08:27:21+00:00\" \/>\n<meta property=\"og:image\" content=\"https:\/\/sevillaintercambio.com\/wp-content\/uploads\/taller-sevillanas-con-pescaito-2026-morado-c.jpg\" \/>\n\t<meta property=\"og:image:width\" content=\"1080\" \/>\n\t<meta property=\"og:image:height\" content=\"1080\" \/>\n\t<meta property=\"og:image:type\" content=\"image\/jpeg\" \/>\n<meta name=\"twitter:card\" content=\"summary_large_image\" \/>\n<meta name=\"twitter:label1\" content=\"Est. reading time\" \/>\n\t<meta name=\"twitter:data1\" content=\"4 minutes\" \/>\n<script type=\"application\/ld+json\" class=\"yoast-schema-graph\">{\"@context\":\"https:\\\/\\\/schema.org\",\"@graph\":[{\"@type\":\"WebPage\",\"@id\":\"https:\\\/\\\/sevillaintercambio.com\\\/en\\\/producto\\\/taller-sevillanas-pescaito-preferia-2026\\\/\",\"url\":\"https:\\\/\\\/sevillaintercambio.com\\\/en\\\/producto\\\/taller-sevillanas-pescaito-preferia-2026\\\/\",\"name\":\"Taller de Sevillanas con Pesca\u00edto \ud83c\udfb6\ud83d\udc83 | Feria Sevilla 2026 \ud83e\udd73\ud83c\udf64 - Sevilla Intercambio\",\"isPartOf\":{\"@id\":\"https:\\\/\\\/sevillaintercambio.com\\\/en\\\/#website\"},\"primaryImageOfPage\":{\"@id\":\"https:\\\/\\\/sevillaintercambio.com\\\/en\\\/producto\\\/taller-sevillanas-pescaito-preferia-2026\\\/#primaryimage\"},\"image\":{\"@id\":\"https:\\\/\\\/sevillaintercambio.com\\\/en\\\/producto\\\/taller-sevillanas-pescaito-preferia-2026\\\/#primaryimage\"},\"thumbnailUrl\":\"https:\\\/\\\/sevillaintercambio.com\\\/wp-content\\\/uploads\\\/taller-sevillanas-con-pescaito-2026-morado-c.jpg\",\"datePublished\":\"2026-04-08T14:01:25+00:00\",\"dateModified\":\"2026-04-20T08:27:21+00:00\",\"description\":\"\u00danete al Taller de Sevillanas con Pesca\u00edto. Baila, charla, disfruta de comida t\u00edpica y bebida, y haz nuevos amigos antes de la Feria de Sevilla. \u00a1Res\u00e9rvalo!\",\"breadcrumb\":{\"@id\":\"https:\\\/\\\/sevillaintercambio.com\\\/en\\\/producto\\\/taller-sevillanas-pescaito-preferia-2026\\\/#breadcrumb\"},\"inLanguage\":\"en-US\",\"potentialAction\":[{\"@type\":\"ReadAction\",\"target\":[\"https:\\\/\\\/sevillaintercambio.com\\\/en\\\/producto\\\/taller-sevillanas-pescaito-preferia-2026\\\/\"]}]},{\"@type\":\"ImageObject\",\"inLanguage\":\"en-US\",\"@id\":\"https:\\\/\\\/sevillaintercambio.com\\\/en\\\/producto\\\/taller-sevillanas-pescaito-preferia-2026\\\/#primaryimage\",\"url\":\"https:\\\/\\\/sevillaintercambio.com\\\/wp-content\\\/uploads\\\/taller-sevillanas-con-pescaito-2026-morado-c.jpg\",\"contentUrl\":\"https:\\\/\\\/sevillaintercambio.com\\\/wp-content\\\/uploads\\\/taller-sevillanas-con-pescaito-2026-morado-c.jpg\",\"width\":1080,\"height\":1080,\"caption\":\"taller de sevillanas men\u00fa pesca\u00edto 2026\"},{\"@type\":\"BreadcrumbList\",\"@id\":\"https:\\\/\\\/sevillaintercambio.com\\\/en\\\/producto\\\/taller-sevillanas-pescaito-preferia-2026\\\/#breadcrumb\",\"itemListElement\":[{\"@type\":\"ListItem\",\"position\":1,\"name\":\"Portada\",\"item\":\"https:\\\/\\\/sevillaintercambio.com\\\/en\\\/home\\\/\"},{\"@type\":\"ListItem\",\"position\":2,\"name\":\"Tienda\",\"item\":\"https:\\\/\\\/sevillaintercambio.com\\\/tienda\\\/\"},{\"@type\":\"ListItem\",\"position\":3,\"name\":\"Taller de Sevillanas con Pesca\u00edto \ud83c\udfb6\ud83d\udc83 | Prepara tu Feria 2026 \ud83e\udd73\ud83c\udf64\"}]},{\"@type\":\"WebSite\",\"@id\":\"https:\\\/\\\/sevillaintercambio.com\\\/en\\\/#website\",\"url\":\"https:\\\/\\\/sevillaintercambio.com\\\/en\\\/\",\"name\":\"Sevilla Intercambio\",\"description\":\"Intercambio de Idiomas en Sevilla y otras actividades presenciales con extranjeros y locales. Haz amigos mientras practicas Idiomas. Conversaci\u00f3n con nativos\",\"publisher\":{\"@id\":\"https:\\\/\\\/sevillaintercambio.com\\\/en\\\/#organization\"},\"potentialAction\":[{\"@type\":\"SearchAction\",\"target\":{\"@type\":\"EntryPoint\",\"urlTemplate\":\"https:\\\/\\\/sevillaintercambio.com\\\/en\\\/?s={search_term_string}\"},\"query-input\":{\"@type\":\"PropertyValueSpecification\",\"valueRequired\":true,\"valueName\":\"search_term_string\"}}],\"inLanguage\":\"en-US\"},{\"@type\":\"Organization\",\"@id\":\"https:\\\/\\\/sevillaintercambio.com\\\/en\\\/#organization\",\"name\":\"Sevilla Intercambio\",\"url\":\"https:\\\/\\\/sevillaintercambio.com\\\/en\\\/\",\"logo\":{\"@type\":\"ImageObject\",\"inLanguage\":\"en-US\",\"@id\":\"https:\\\/\\\/sevillaintercambio.com\\\/en\\\/#\\\/schema\\\/logo\\\/image\\\/\",\"url\":\"https:\\\/\\\/sevillaintercambio.com\\\/wp-content\\\/uploads\\\/isologo-sevilla-intercambio-fondo.png\",\"contentUrl\":\"https:\\\/\\\/sevillaintercambio.com\\\/wp-content\\\/uploads\\\/isologo-sevilla-intercambio-fondo.png\",\"width\":1067,\"height\":1067,\"caption\":\"Sevilla Intercambio\"},\"image\":{\"@id\":\"https:\\\/\\\/sevillaintercambio.com\\\/en\\\/#\\\/schema\\\/logo\\\/image\\\/\"},\"sameAs\":[\"https:\\\/\\\/www.facebook.com\\\/sevilla.intercambio.idiomas.language.exchange\\\/\",\"https:\\\/\\\/www.instagram.com\\\/sevillaintercambio\\\/\"]}]}<\/script>\n<!-- \/ Yoast SEO Premium plugin. -->","yoast_head_json":{"title":"Taller de Sevillanas con Pesca\u00edto \ud83c\udfb6\ud83d\udc83 | Feria Sevilla 2026 \ud83e\udd73\ud83c\udf64 - Sevilla Intercambio","description":"\u00danete al Taller de Sevillanas con Pesca\u00edto. Baila, charla, disfruta de comida t\u00edpica y bebida, y haz nuevos amigos antes de la Feria de Sevilla. \u00a1Res\u00e9rvalo!","robots":{"index":"index","follow":"follow","max-snippet":"max-snippet:-1","max-image-preview":"max-image-preview:large","max-video-preview":"max-video-preview:-1"},"canonical":"https:\/\/sevillaintercambio.com\/en\/producto\/taller-sevillanas-pescaito-preferia-2026\/","og_locale":"en_US","og_type":"article","og_title":"Taller de Sevillanas con Pesca\u00edto \ud83c\udfb6\ud83d\udc83 | Prepara tu Feria 2026 \ud83e\udd73\ud83c\udf64","og_description":"\u00danete al Taller de Sevillanas con Pesca\u00edto. Baila, charla, disfruta de comida t\u00edpica y bebida, y haz nuevos amigos antes de la Feria de Sevilla. \u00a1Res\u00e9rvalo!","og_url":"https:\/\/sevillaintercambio.com\/en\/producto\/taller-sevillanas-pescaito-preferia-2026\/","og_site_name":"Sevilla Intercambio","article_publisher":"https:\/\/www.facebook.com\/sevilla.intercambio.idiomas.language.exchange\/","article_modified_time":"2026-04-20T08:27:21+00:00","og_image":[{"width":1080,"height":1080,"url":"https:\/\/sevillaintercambio.com\/wp-content\/uploads\/taller-sevillanas-con-pescaito-2026-morado-c.jpg","type":"image\/jpeg"}],"twitter_card":"summary_large_image","twitter_misc":{"Est. reading time":"4 minutes"},"schema":{"@context":"https:\/\/schema.org","@graph":[{"@type":"WebPage","@id":"https:\/\/sevillaintercambio.com\/en\/producto\/taller-sevillanas-pescaito-preferia-2026\/","url":"https:\/\/sevillaintercambio.com\/en\/producto\/taller-sevillanas-pescaito-preferia-2026\/","name":"Taller de Sevillanas con Pesca\u00edto \ud83c\udfb6\ud83d\udc83 | Feria Sevilla 2026 \ud83e\udd73\ud83c\udf64 - Sevilla Intercambio","isPartOf":{"@id":"https:\/\/sevillaintercambio.com\/en\/#website"},"primaryImageOfPage":{"@id":"https:\/\/sevillaintercambio.com\/en\/producto\/taller-sevillanas-pescaito-preferia-2026\/#primaryimage"},"image":{"@id":"https:\/\/sevillaintercambio.com\/en\/producto\/taller-sevillanas-pescaito-preferia-2026\/#primaryimage"},"thumbnailUrl":"https:\/\/sevillaintercambio.com\/wp-content\/uploads\/taller-sevillanas-con-pescaito-2026-morado-c.jpg","datePublished":"2026-04-08T14:01:25+00:00","dateModified":"2026-04-20T08:27:21+00:00","description":"\u00danete al Taller de Sevillanas con Pesca\u00edto. Baila, charla, disfruta de comida t\u00edpica y bebida, y haz nuevos amigos antes de la Feria de Sevilla. \u00a1Res\u00e9rvalo!","breadcrumb":{"@id":"https:\/\/sevillaintercambio.com\/en\/producto\/taller-sevillanas-pescaito-preferia-2026\/#breadcrumb"},"inLanguage":"en-US","potentialAction":[{"@type":"ReadAction","target":["https:\/\/sevillaintercambio.com\/en\/producto\/taller-sevillanas-pescaito-preferia-2026\/"]}]},{"@type":"ImageObject","inLanguage":"en-US","@id":"https:\/\/sevillaintercambio.com\/en\/producto\/taller-sevillanas-pescaito-preferia-2026\/#primaryimage","url":"https:\/\/sevillaintercambio.com\/wp-content\/uploads\/taller-sevillanas-con-pescaito-2026-morado-c.jpg","contentUrl":"https:\/\/sevillaintercambio.com\/wp-content\/uploads\/taller-sevillanas-con-pescaito-2026-morado-c.jpg","width":1080,"height":1080,"caption":"taller de sevillanas men\u00fa pesca\u00edto 2026"},{"@type":"BreadcrumbList","@id":"https:\/\/sevillaintercambio.com\/en\/producto\/taller-sevillanas-pescaito-preferia-2026\/#breadcrumb","itemListElement":[{"@type":"ListItem","position":1,"name":"Portada","item":"https:\/\/sevillaintercambio.com\/en\/home\/"},{"@type":"ListItem","position":2,"name":"Tienda","item":"https:\/\/sevillaintercambio.com\/tienda\/"},{"@type":"ListItem","position":3,"name":"Taller de Sevillanas con Pesca\u00edto \ud83c\udfb6\ud83d\udc83 | Prepara tu Feria 2026 \ud83e\udd73\ud83c\udf64"}]},{"@type":"WebSite","@id":"https:\/\/sevillaintercambio.com\/en\/#website","url":"https:\/\/sevillaintercambio.com\/en\/","name":"Sevilla Intercambio","description":"Intercambio de Idiomas en Sevilla y otras actividades presenciales con extranjeros y locales. Haz amigos mientras practicas Idiomas. Conversaci\u00f3n con nativos","publisher":{"@id":"https:\/\/sevillaintercambio.com\/en\/#organization"},"potentialAction":[{"@type":"SearchAction","target":{"@type":"EntryPoint","urlTemplate":"https:\/\/sevillaintercambio.com\/en\/?s={search_term_string}"},"query-input":{"@type":"PropertyValueSpecification","valueRequired":true,"valueName":"search_term_string"}}],"inLanguage":"en-US"},{"@type":"Organization","@id":"https:\/\/sevillaintercambio.com\/en\/#organization","name":"Sevilla Intercambio","url":"https:\/\/sevillaintercambio.com\/en\/","logo":{"@type":"ImageObject","inLanguage":"en-US","@id":"https:\/\/sevillaintercambio.com\/en\/#\/schema\/logo\/image\/","url":"https:\/\/sevillaintercambio.com\/wp-content\/uploads\/isologo-sevilla-intercambio-fondo.png","contentUrl":"https:\/\/sevillaintercambio.com\/wp-content\/uploads\/isologo-sevilla-intercambio-fondo.png","width":1067,"height":1067,"caption":"Sevilla Intercambio"},"image":{"@id":"https:\/\/sevillaintercambio.com\/en\/#\/schema\/logo\/image\/"},"sameAs":["https:\/\/www.facebook.com\/sevilla.intercambio.idiomas.language.exchange\/","https:\/\/www.instagram.com\/sevillaintercambio\/"]}]}},"_links":{"self":[{"href":"https:\/\/sevillaintercambio.com\/en\/wp-json\/wp\/v2\/product\/38904","targetHints":{"allow":["GET"]}}],"collection":[{"href":"https:\/\/sevillaintercambio.com\/en\/wp-json\/wp\/v2\/product"}],"about":[{"href":"https:\/\/sevillaintercambio.com\/en\/wp-json\/wp\/v2\/types\/product"}],"wp:featuredmedia":[{"embeddable":true,"href":"https:\/\/sevillaintercambio.com\/en\/wp-json\/wp\/v2\/media\/38968"}],"wp:attachment":[{"href":"https:\/\/sevillaintercambio.com\/en\/wp-json\/wp\/v2\/media?parent=38904"}],"wp:term":[{"taxonomy":"product_brand","embeddable":true,"href":"https:\/\/sevillaintercambio.com\/en\/wp-json\/wp\/v2\/product_brand?post=38904"},{"taxonomy":"product_cat","embeddable":true,"href":"https:\/\/sevillaintercambio.com\/en\/wp-json\/wp\/v2\/product_cat?post=38904"},{"taxonomy":"product_tag","embeddable":true,"href":"https:\/\/sevillaintercambio.com\/en\/wp-json\/wp\/v2\/product_tag?post=38904"}],"curies":[{"name":"wp","href":"https:\/\/api.w.org\/{rel}","templated":true}]}}